{"id":28811,"date":"2026-03-16T10:37:14","date_gmt":"2026-03-16T10:37:14","guid":{"rendered":"https:\/\/xiorstudenthousingeu.kinsta.cloud\/about-xior\/"},"modified":"2026-04-04T19:27:33","modified_gmt":"2026-04-04T19:27:33","slug":"about-xior","status":"publish","type":"page","link":"https:\/\/xiorstudenthousingeu.kinsta.cloud\/fr\/about-xior\/","title":{"rendered":"About Xior"},"content":{"rendered":"","protected":false},"excerpt":{"rendered":"","protected":false},"author":1,"featured_media":0,"parent":0,"menu_order":0,"comment_status":"closed","ping_status":"closed","template":"","meta":{"_acf_changed":false,"footnotes":""},"class_list":["post-28811","page","type-page","status-publish","hentry"],"acf":[],"yoast_head":"<!-- This site is optimized with the Yoast SEO plugin v27.1.1 - https:\/\/yoast.com\/product\/yoast-seo-wordpress\/ -->\n<title>\u00c0 propos de Xior | Logements \u00e9tudiants en Europe | Xior<\/title>\n<meta name=\"description\" content=\"D\u00e9couvrez Xior Student Housing : un fournisseur europ\u00e9en de premier plan proposant des logements \u00e9tudiants s\u00fbrs et de haute qualit\u00e9, con\u00e7us pour favoriser la vie en communaut\u00e9, les \u00e9changes et l&#039;autonomie.\" \/>\n<meta name=\"robots\" content=\"noindex, follow, max-snippet:-1, max-image-preview:large, max-video-preview:-1\" \/>\n<meta property=\"og:locale\" content=\"fr_FR\" \/>\n<meta property=\"og:type\" content=\"article\" \/>\n<meta property=\"og:title\" content=\"\u00c0 propos de Xior | Logements \u00e9tudiants en Europe | Xior\" \/>\n<meta property=\"og:description\" content=\"D\u00e9couvrez Xior Student Housing : un fournisseur europ\u00e9en de premier plan proposant des logements \u00e9tudiants s\u00fbrs et de haute qualit\u00e9, con\u00e7us pour favoriser la vie en communaut\u00e9, les \u00e9changes et l&#039;autonomie.\" \/>\n<meta property=\"og:url\" content=\"https:\/\/xiorstudenthousingeu.kinsta.cloud\/fr\/about-xior\/\" \/>\n<meta property=\"og:site_name\" content=\"Xior Student Housing\" \/>\n<meta property=\"article:publisher\" content=\"https:\/\/www.facebook.com\/xiorstudenthousing\" \/>\n<meta property=\"article:modified_time\" content=\"2026-04-04T19:27:33+00:00\" \/>\n<meta name=\"twitter:card\" content=\"summary_large_image\" \/>\n<meta name=\"twitter:site\" content=\"@xiorstudent\" \/>\n<script type=\"application\/ld+json\" class=\"yoast-schema-graph\">{\"@context\":\"https:\/\/schema.org\",\"@graph\":[{\"@type\":\"WebPage\",\"@id\":\"https:\/\/xiorstudenthousingeu.kinsta.cloud\/fr\/about-xior\/\",\"url\":\"https:\/\/xiorstudenthousingeu.kinsta.cloud\/fr\/about-xior\/\",\"name\":\"\u00c0 propos de Xior | Logements \u00e9tudiants en Europe | Xior\",\"isPartOf\":{\"@id\":\"https:\/\/xiorstudenthousingeu.kinsta.cloud\/fr\/#website\"},\"datePublished\":\"2026-03-16T10:37:14+00:00\",\"dateModified\":\"2026-04-04T19:27:33+00:00\",\"description\":\"D\u00e9couvrez Xior Student Housing : un fournisseur europ\u00e9en de premier plan proposant des logements \u00e9tudiants s\u00fbrs et de haute qualit\u00e9, con\u00e7us pour favoriser la vie en communaut\u00e9, les \u00e9changes et l'autonomie.\",\"breadcrumb\":{\"@id\":\"https:\/\/xiorstudenthousingeu.kinsta.cloud\/fr\/about-xior\/#breadcrumb\"},\"inLanguage\":\"fr-FR\",\"potentialAction\":[{\"@type\":\"ReadAction\",\"target\":[\"https:\/\/xiorstudenthousingeu.kinsta.cloud\/fr\/about-xior\/\"]}]},{\"@type\":\"BreadcrumbList\",\"@id\":\"https:\/\/xiorstudenthousingeu.kinsta.cloud\/fr\/about-xior\/#breadcrumb\",\"itemListElement\":[{\"@type\":\"ListItem\",\"position\":1,\"name\":\"Home\",\"item\":\"https:\/\/xiorstudenthousingeu.kinsta.cloud\/fr\/\"},{\"@type\":\"ListItem\",\"position\":2,\"name\":\"About Xior\"}]},{\"@type\":\"WebSite\",\"@id\":\"https:\/\/xiorstudenthousingeu.kinsta.cloud\/fr\/#website\",\"url\":\"https:\/\/xiorstudenthousingeu.kinsta.cloud\/fr\/\",\"name\":\"Xior Student Housing\",\"description\":\"\",\"potentialAction\":[{\"@type\":\"SearchAction\",\"target\":{\"@type\":\"EntryPoint\",\"urlTemplate\":\"https:\/\/xiorstudenthousingeu.kinsta.cloud\/fr\/?s={search_term_string}\"},\"query-input\":{\"@type\":\"PropertyValueSpecification\",\"valueRequired\":true,\"valueName\":\"search_term_string\"}}],\"inLanguage\":\"fr-FR\"}]}<\/script>\n<!-- \/ Yoast SEO plugin. -->","yoast_head_json":{"title":"\u00c0 propos de Xior | Logements \u00e9tudiants en Europe | Xior","description":"D\u00e9couvrez Xior Student Housing : un fournisseur europ\u00e9en de premier plan proposant des logements \u00e9tudiants s\u00fbrs et de haute qualit\u00e9, con\u00e7us pour favoriser la vie en communaut\u00e9, les \u00e9changes et l'autonomie.","robots":{"index":"noindex","follow":"follow","max-snippet":"max-snippet:-1","max-image-preview":"max-image-preview:large","max-video-preview":"max-video-preview:-1"},"og_locale":"fr_FR","og_type":"article","og_title":"\u00c0 propos de Xior | Logements \u00e9tudiants en Europe | Xior","og_description":"D\u00e9couvrez Xior Student Housing : un fournisseur europ\u00e9en de premier plan proposant des logements \u00e9tudiants s\u00fbrs et de haute qualit\u00e9, con\u00e7us pour favoriser la vie en communaut\u00e9, les \u00e9changes et l'autonomie.","og_url":"https:\/\/xiorstudenthousingeu.kinsta.cloud\/fr\/about-xior\/","og_site_name":"Xior Student Housing","article_publisher":"https:\/\/www.facebook.com\/xiorstudenthousing","article_modified_time":"2026-04-04T19:27:33+00:00","twitter_card":"summary_large_image","twitter_site":"@xiorstudent","schema":{"@context":"https:\/\/schema.org","@graph":[{"@type":"WebPage","@id":"https:\/\/xiorstudenthousingeu.kinsta.cloud\/fr\/about-xior\/","url":"https:\/\/xiorstudenthousingeu.kinsta.cloud\/fr\/about-xior\/","name":"\u00c0 propos de Xior | Logements \u00e9tudiants en Europe | Xior","isPartOf":{"@id":"https:\/\/xiorstudenthousingeu.kinsta.cloud\/fr\/#website"},"datePublished":"2026-03-16T10:37:14+00:00","dateModified":"2026-04-04T19:27:33+00:00","description":"D\u00e9couvrez Xior Student Housing : un fournisseur europ\u00e9en de premier plan proposant des logements \u00e9tudiants s\u00fbrs et de haute qualit\u00e9, con\u00e7us pour favoriser la vie en communaut\u00e9, les \u00e9changes et l'autonomie.","breadcrumb":{"@id":"https:\/\/xiorstudenthousingeu.kinsta.cloud\/fr\/about-xior\/#breadcrumb"},"inLanguage":"fr-FR","potentialAction":[{"@type":"ReadAction","target":["https:\/\/xiorstudenthousingeu.kinsta.cloud\/fr\/about-xior\/"]}]},{"@type":"BreadcrumbList","@id":"https:\/\/xiorstudenthousingeu.kinsta.cloud\/fr\/about-xior\/#breadcrumb","itemListElement":[{"@type":"ListItem","position":1,"name":"Home","item":"https:\/\/xiorstudenthousingeu.kinsta.cloud\/fr\/"},{"@type":"ListItem","position":2,"name":"About Xior"}]},{"@type":"WebSite","@id":"https:\/\/xiorstudenthousingeu.kinsta.cloud\/fr\/#website","url":"https:\/\/xiorstudenthousingeu.kinsta.cloud\/fr\/","name":"Xior Student Housing","description":"","potentialAction":[{"@type":"SearchAction","target":{"@type":"EntryPoint","urlTemplate":"https:\/\/xiorstudenthousingeu.kinsta.cloud\/fr\/?s={search_term_string}"},"query-input":{"@type":"PropertyValueSpecification","valueRequired":true,"valueName":"search_term_string"}}],"inLanguage":"fr-FR"}]}},"_links":{"self":[{"href":"https:\/\/xiorstudenthousingeu.kinsta.cloud\/fr\/wp-json\/wp\/v2\/pages\/28811","targetHints":{"allow":["GET"]}}],"collection":[{"href":"https:\/\/xiorstudenthousingeu.kinsta.cloud\/fr\/wp-json\/wp\/v2\/pages"}],"about":[{"href":"https:\/\/xiorstudenthousingeu.kinsta.cloud\/fr\/wp-json\/wp\/v2\/types\/page"}],"author":[{"embeddable":true,"href":"https:\/\/xiorstudenthousingeu.kinsta.cloud\/fr\/wp-json\/wp\/v2\/users\/1"}],"replies":[{"embeddable":true,"href":"https:\/\/xiorstudenthousingeu.kinsta.cloud\/fr\/wp-json\/wp\/v2\/comments?post=28811"}],"version-history":[{"count":2,"href":"https:\/\/xiorstudenthousingeu.kinsta.cloud\/fr\/wp-json\/wp\/v2\/pages\/28811\/revisions"}],"predecessor-version":[{"id":33765,"href":"https:\/\/xiorstudenthousingeu.kinsta.cloud\/fr\/wp-json\/wp\/v2\/pages\/28811\/revisions\/33765"}],"wp:attachment":[{"href":"https:\/\/xiorstudenthousingeu.kinsta.cloud\/fr\/wp-json\/wp\/v2\/media?parent=28811"}],"curies":[{"name":"wp","href":"https:\/\/api.w.org\/{rel}","templated":true}]}}