{"id":37697,"date":"2026-03-03T11:37:29","date_gmt":"2026-03-03T11:37:29","guid":{"rendered":"https:\/\/xiorstudenthousingeu.kinsta.cloud\/denmark\/lyngby\/"},"modified":"2026-04-17T11:05:43","modified_gmt":"2026-04-17T11:05:43","slug":"lyngby","status":"publish","type":"page","link":"https:\/\/xiorstudenthousingeu.kinsta.cloud\/da\/denmark\/lyngby\/","title":{"rendered":"Lyngby"},"content":{"rendered":"","protected":false},"excerpt":{"rendered":"","protected":false},"author":1,"featured_media":10830,"parent":29835,"menu_order":0,"comment_status":"closed","ping_status":"closed","template":"templates\/city-template.php","meta":{"_acf_changed":false,"footnotes":""},"class_list":["post-37697","page","type-page","status-publish","has-post-thumbnail","hentry"],"acf":[],"yoast_head":"<!-- This site is optimized with the Yoast SEO plugin v27.1.1 - https:\/\/yoast.com\/product\/yoast-seo-wordpress\/ -->\n<title>Studieboliger Lyngby | V\u00e6relser og Studios | Xior<\/title>\n<meta name=\"description\" content=\"Opdag private studenterv\u00e6relser i Lyngby n\u00e6r DTU med alt inkluderet: opholdsrum, hurtigt wifi, fitnesscenter, 24\/7 sikkerhed osv. Book dit Xior-v\u00e6relse i dag.\" \/>\n<meta name=\"robots\" content=\"noindex, follow, max-snippet:-1, max-image-preview:large, max-video-preview:-1\" \/>\n<meta property=\"og:locale\" content=\"da_DK\" \/>\n<meta property=\"og:type\" content=\"article\" \/>\n<meta property=\"og:title\" content=\"Studieboliger Lyngby | V\u00e6relser og Studios | Xior\" \/>\n<meta property=\"og:description\" content=\"Opdag private studenterv\u00e6relser i Lyngby n\u00e6r DTU med alt inkluderet: opholdsrum, hurtigt wifi, fitnesscenter, 24\/7 sikkerhed osv. Book dit Xior-v\u00e6relse i dag.\" \/>\n<meta property=\"og:url\" content=\"https:\/\/xiorstudenthousingeu.kinsta.cloud\/da\/denmark\/lyngby\/\" \/>\n<meta property=\"og:site_name\" content=\"Xior Student Housing\" \/>\n<meta property=\"article:publisher\" content=\"https:\/\/www.facebook.com\/xiorstudenthousing\" \/>\n<meta property=\"article:modified_time\" content=\"2026-04-17T11:05:43+00:00\" \/>\n<meta property=\"og:image\" content=\"https:\/\/xiorstudenthousingeu.kinsta.cloud\/wp-content\/uploads\/2026\/03\/DK_Lyngby_Carousel.jpg\" \/>\n\t<meta property=\"og:image:width\" content=\"675\" \/>\n\t<meta property=\"og:image:height\" content=\"900\" \/>\n\t<meta property=\"og:image:type\" content=\"image\/jpeg\" \/>\n<meta name=\"twitter:card\" content=\"summary_large_image\" \/>\n<meta name=\"twitter:site\" content=\"@xiorstudent\" \/>\n<meta name=\"twitter:label1\" content=\"Estimeret l\u00e6setid\" \/>\n\t<meta name=\"twitter:data1\" content=\"1 minut\" \/>\n<script type=\"application\/ld+json\" class=\"yoast-schema-graph\">{\"@context\":\"https:\/\/schema.org\",\"@graph\":[{\"@type\":\"WebPage\",\"@id\":\"https:\/\/xiorstudenthousingeu.kinsta.cloud\/da\/denmark\/lyngby\/\",\"url\":\"https:\/\/xiorstudenthousingeu.kinsta.cloud\/da\/denmark\/lyngby\/\",\"name\":\"Studieboliger Lyngby | V\u00e6relser og Studios | Xior\",\"isPartOf\":{\"@id\":\"https:\/\/xiorstudenthousingeu.kinsta.cloud\/da\/#website\"},\"primaryImageOfPage\":{\"@id\":\"https:\/\/xiorstudenthousingeu.kinsta.cloud\/da\/denmark\/lyngby\/#primaryimage\"},\"image\":{\"@id\":\"https:\/\/xiorstudenthousingeu.kinsta.cloud\/da\/denmark\/lyngby\/#primaryimage\"},\"thumbnailUrl\":\"https:\/\/xiorstudenthousingeu.kinsta.cloud\/wp-content\/uploads\/2026\/03\/DK_Lyngby_Carousel.jpg\",\"datePublished\":\"2026-03-03T11:37:29+00:00\",\"dateModified\":\"2026-04-17T11:05:43+00:00\",\"description\":\"Opdag private studenterv\u00e6relser i Lyngby n\u00e6r DTU med alt inkluderet: opholdsrum, hurtigt wifi, fitnesscenter, 24\/7 sikkerhed osv. Book dit Xior-v\u00e6relse i dag.\",\"breadcrumb\":{\"@id\":\"https:\/\/xiorstudenthousingeu.kinsta.cloud\/da\/denmark\/lyngby\/#breadcrumb\"},\"inLanguage\":\"da-DK\",\"potentialAction\":[{\"@type\":\"ReadAction\",\"target\":[\"https:\/\/xiorstudenthousingeu.kinsta.cloud\/da\/denmark\/lyngby\/\"]}]},{\"@type\":\"ImageObject\",\"inLanguage\":\"da-DK\",\"@id\":\"https:\/\/xiorstudenthousingeu.kinsta.cloud\/da\/denmark\/lyngby\/#primaryimage\",\"url\":\"https:\/\/xiorstudenthousingeu.kinsta.cloud\/wp-content\/uploads\/2026\/03\/DK_Lyngby_Carousel.jpg\",\"contentUrl\":\"https:\/\/xiorstudenthousingeu.kinsta.cloud\/wp-content\/uploads\/2026\/03\/DK_Lyngby_Carousel.jpg\",\"width\":675,\"height\":900},{\"@type\":\"BreadcrumbList\",\"@id\":\"https:\/\/xiorstudenthousingeu.kinsta.cloud\/da\/denmark\/lyngby\/#breadcrumb\",\"itemListElement\":[{\"@type\":\"ListItem\",\"position\":1,\"name\":\"Home\",\"item\":\"https:\/\/xiorstudenthousingeu.kinsta.cloud\/da\/\"},{\"@type\":\"ListItem\",\"position\":2,\"name\":\"Denmark\",\"item\":\"https:\/\/xiorstudenthousingeu.kinsta.cloud\/da\/denmark\/\"},{\"@type\":\"ListItem\",\"position\":3,\"name\":\"Lyngby\"}]},{\"@type\":\"WebSite\",\"@id\":\"https:\/\/xiorstudenthousingeu.kinsta.cloud\/da\/#website\",\"url\":\"https:\/\/xiorstudenthousingeu.kinsta.cloud\/da\/\",\"name\":\"Xior Student Housing\",\"description\":\"\",\"potentialAction\":[{\"@type\":\"SearchAction\",\"target\":{\"@type\":\"EntryPoint\",\"urlTemplate\":\"https:\/\/xiorstudenthousingeu.kinsta.cloud\/da\/?s={search_term_string}\"},\"query-input\":{\"@type\":\"PropertyValueSpecification\",\"valueRequired\":true,\"valueName\":\"search_term_string\"}}],\"inLanguage\":\"da-DK\"}]}<\/script>\n<!-- \/ Yoast SEO plugin. -->","yoast_head_json":{"title":"Studieboliger Lyngby | V\u00e6relser og Studios | Xior","description":"Opdag private studenterv\u00e6relser i Lyngby n\u00e6r DTU med alt inkluderet: opholdsrum, hurtigt wifi, fitnesscenter, 24\/7 sikkerhed osv. Book dit Xior-v\u00e6relse i dag.","robots":{"index":"noindex","follow":"follow","max-snippet":"max-snippet:-1","max-image-preview":"max-image-preview:large","max-video-preview":"max-video-preview:-1"},"og_locale":"da_DK","og_type":"article","og_title":"Studieboliger Lyngby | V\u00e6relser og Studios | Xior","og_description":"Opdag private studenterv\u00e6relser i Lyngby n\u00e6r DTU med alt inkluderet: opholdsrum, hurtigt wifi, fitnesscenter, 24\/7 sikkerhed osv. Book dit Xior-v\u00e6relse i dag.","og_url":"https:\/\/xiorstudenthousingeu.kinsta.cloud\/da\/denmark\/lyngby\/","og_site_name":"Xior Student Housing","article_publisher":"https:\/\/www.facebook.com\/xiorstudenthousing","article_modified_time":"2026-04-17T11:05:43+00:00","og_image":[{"width":675,"height":900,"url":"https:\/\/xiorstudenthousingeu.kinsta.cloud\/wp-content\/uploads\/2026\/03\/DK_Lyngby_Carousel.jpg","type":"image\/jpeg"}],"twitter_card":"summary_large_image","twitter_site":"@xiorstudent","twitter_misc":{"Estimeret l\u00e6setid":"1 minut"},"schema":{"@context":"https:\/\/schema.org","@graph":[{"@type":"WebPage","@id":"https:\/\/xiorstudenthousingeu.kinsta.cloud\/da\/denmark\/lyngby\/","url":"https:\/\/xiorstudenthousingeu.kinsta.cloud\/da\/denmark\/lyngby\/","name":"Studieboliger Lyngby | V\u00e6relser og Studios | Xior","isPartOf":{"@id":"https:\/\/xiorstudenthousingeu.kinsta.cloud\/da\/#website"},"primaryImageOfPage":{"@id":"https:\/\/xiorstudenthousingeu.kinsta.cloud\/da\/denmark\/lyngby\/#primaryimage"},"image":{"@id":"https:\/\/xiorstudenthousingeu.kinsta.cloud\/da\/denmark\/lyngby\/#primaryimage"},"thumbnailUrl":"https:\/\/xiorstudenthousingeu.kinsta.cloud\/wp-content\/uploads\/2026\/03\/DK_Lyngby_Carousel.jpg","datePublished":"2026-03-03T11:37:29+00:00","dateModified":"2026-04-17T11:05:43+00:00","description":"Opdag private studenterv\u00e6relser i Lyngby n\u00e6r DTU med alt inkluderet: opholdsrum, hurtigt wifi, fitnesscenter, 24\/7 sikkerhed osv. Book dit Xior-v\u00e6relse i dag.","breadcrumb":{"@id":"https:\/\/xiorstudenthousingeu.kinsta.cloud\/da\/denmark\/lyngby\/#breadcrumb"},"inLanguage":"da-DK","potentialAction":[{"@type":"ReadAction","target":["https:\/\/xiorstudenthousingeu.kinsta.cloud\/da\/denmark\/lyngby\/"]}]},{"@type":"ImageObject","inLanguage":"da-DK","@id":"https:\/\/xiorstudenthousingeu.kinsta.cloud\/da\/denmark\/lyngby\/#primaryimage","url":"https:\/\/xiorstudenthousingeu.kinsta.cloud\/wp-content\/uploads\/2026\/03\/DK_Lyngby_Carousel.jpg","contentUrl":"https:\/\/xiorstudenthousingeu.kinsta.cloud\/wp-content\/uploads\/2026\/03\/DK_Lyngby_Carousel.jpg","width":675,"height":900},{"@type":"BreadcrumbList","@id":"https:\/\/xiorstudenthousingeu.kinsta.cloud\/da\/denmark\/lyngby\/#breadcrumb","itemListElement":[{"@type":"ListItem","position":1,"name":"Home","item":"https:\/\/xiorstudenthousingeu.kinsta.cloud\/da\/"},{"@type":"ListItem","position":2,"name":"Denmark","item":"https:\/\/xiorstudenthousingeu.kinsta.cloud\/da\/denmark\/"},{"@type":"ListItem","position":3,"name":"Lyngby"}]},{"@type":"WebSite","@id":"https:\/\/xiorstudenthousingeu.kinsta.cloud\/da\/#website","url":"https:\/\/xiorstudenthousingeu.kinsta.cloud\/da\/","name":"Xior Student Housing","description":"","potentialAction":[{"@type":"SearchAction","target":{"@type":"EntryPoint","urlTemplate":"https:\/\/xiorstudenthousingeu.kinsta.cloud\/da\/?s={search_term_string}"},"query-input":{"@type":"PropertyValueSpecification","valueRequired":true,"valueName":"search_term_string"}}],"inLanguage":"da-DK"}]}},"_links":{"self":[{"href":"https:\/\/xiorstudenthousingeu.kinsta.cloud\/da\/wp-json\/wp\/v2\/pages\/37697","targetHints":{"allow":["GET"]}}],"collection":[{"href":"https:\/\/xiorstudenthousingeu.kinsta.cloud\/da\/wp-json\/wp\/v2\/pages"}],"about":[{"href":"https:\/\/xiorstudenthousingeu.kinsta.cloud\/da\/wp-json\/wp\/v2\/types\/page"}],"author":[{"embeddable":true,"href":"https:\/\/xiorstudenthousingeu.kinsta.cloud\/da\/wp-json\/wp\/v2\/users\/1"}],"replies":[{"embeddable":true,"href":"https:\/\/xiorstudenthousingeu.kinsta.cloud\/da\/wp-json\/wp\/v2\/comments?post=37697"}],"version-history":[{"count":3,"href":"https:\/\/xiorstudenthousingeu.kinsta.cloud\/da\/wp-json\/wp\/v2\/pages\/37697\/revisions"}],"predecessor-version":[{"id":37728,"href":"https:\/\/xiorstudenthousingeu.kinsta.cloud\/da\/wp-json\/wp\/v2\/pages\/37697\/revisions\/37728"}],"up":[{"embeddable":true,"href":"https:\/\/xiorstudenthousingeu.kinsta.cloud\/da\/wp-json\/wp\/v2\/pages\/29835"}],"wp:featuredmedia":[{"embeddable":true,"href":"https:\/\/xiorstudenthousingeu.kinsta.cloud\/da\/wp-json\/wp\/v2\/media\/10830"}],"wp:attachment":[{"href":"https:\/\/xiorstudenthousingeu.kinsta.cloud\/da\/wp-json\/wp\/v2\/media?parent=37697"}],"curies":[{"name":"wp","href":"https:\/\/api.w.org\/{rel}","templated":true}]}}